{"id":2700,"date":"2018-05-05T15:45:39","date_gmt":"2018-05-05T15:45:39","guid":{"rendered":"http:\/\/atcmb.org\/Event\/?page_id=2700"},"modified":"2023-06-23T22:39:40","modified_gmt":"2023-06-23T22:39:40","slug":"programme","status":"publish","type":"page","link":"https:\/\/www.atcmb.org\/Event\/programme\/","title":{"rendered":"Programme"},"content":{"rendered":"<div class=\"wpb-content-wrapper\"><p>[vc_row][vc_column][vc_column_text]<strong>Programme du Masterclass d\u00e9taill\u00e9<\/strong><\/p>\n<ul>\n<li>Formation certifi\u00e9e : SCOPE<\/li>\n<li>Dur\u00e9e : Une session de 2 journ\u00e9es<\/li>\n<li>Volume horaire 15 Heures<\/li>\n<li>Dates de la formation 09 et 10 Septembre 2023<\/li>\n<li>Frais d&#8217;inscription : 300 dt<\/li>\n<\/ul>\n<p>[\/vc_column_text][\/vc_column][vc_column][cth_schedules][\/vc_column][\/vc_row]<\/p>\n<\/div>","protected":false},"excerpt":{"rendered":"<p>[vc_row][vc_column][vc_column_text]Programme du Masterclass d\u00e9taill\u00e9 Formation certifi\u00e9e : SCOPE Dur\u00e9e : Une session de 2 journ\u00e9es Volume horaire 15 Heures Dates de la formation 09 et 10 Septembre 2023 Frais d&#8217;inscription : 300 dt [\/vc_column_text][\/vc_column][vc_column][cth_schedules][\/vc_column][\/vc_row]<\/p>\n","protected":false},"author":1,"featured_media":0,"parent":0,"menu_order":0,"comment_status":"closed","ping_status":"closed","template":"page-fullcontent.php","meta":[],"_links":{"self":[{"href":"https:\/\/www.atcmb.org\/Event\/wp-json\/wp\/v2\/pages\/2700"}],"collection":[{"href":"https:\/\/www.atcmb.org\/Event\/wp-json\/wp\/v2\/pages"}],"about":[{"href":"https:\/\/www.atcmb.org\/Event\/wp-json\/wp\/v2\/types\/page"}],"author":[{"embeddable":true,"href":"https:\/\/www.atcmb.org\/Event\/wp-json\/wp\/v2\/users\/1"}],"replies":[{"embeddable":true,"href":"https:\/\/www.atcmb.org\/Event\/wp-json\/wp\/v2\/comments?post=2700"}],"version-history":[{"count":4,"href":"https:\/\/www.atcmb.org\/Event\/wp-json\/wp\/v2\/pages\/2700\/revisions"}],"predecessor-version":[{"id":3071,"href":"https:\/\/www.atcmb.org\/Event\/wp-json\/wp\/v2\/pages\/2700\/revisions\/3071"}],"wp:attachment":[{"href":"https:\/\/www.atcmb.org\/Event\/wp-json\/wp\/v2\/media?parent=2700"}],"curies":[{"name":"wp","href":"https:\/\/api.w.org\/{rel}","templated":true}]}}