{"id":2643,"date":"2018-05-03T13:02:43","date_gmt":"2018-05-03T13:02:43","guid":{"rendered":"http:\/\/atcmb.org\/Event\/?page_id=2643"},"modified":"2023-06-24T01:23:50","modified_gmt":"2023-06-24T01:23:50","slug":"info","status":"publish","type":"page","link":"https:\/\/www.atcmb.org\/Event\/info\/","title":{"rendered":"Information"},"content":{"rendered":"<div class=\"wpb-content-wrapper\"><p>[vc_row][vc_column width=&#8221;2\/3&#8243;][vc_row_inner][vc_column_inner][vc_column_text]D\u00e9clar\u00e9e maladie chronique par l\u2019OMS en 1997, l\u2019ob\u00e9sit\u00e9 est un probl\u00e8me majeur de sant\u00e9 publique. Une maladie fr\u00e9quente, multifactorielle et aux nombreuses comorbidit\u00e9s. \u00c0 l\u2019\u00e9chelle mondiale, en 2021, 800 millions d\u2019adultes dans le monde souffraient d\u2019ob\u00e9sit\u00e9. Quant au nombre d\u2019enfants et d\u2019adolescents touch\u00e9s par cette pathologie, a \u00e9t\u00e9 multipli\u00e9 par dix au cours des quarante derni\u00e8res ann\u00e9es.[\/vc_column_text][vc_message]\u00ab\u00a0Les projections pr\u00e9voient qu\u2019en 2030, 3 milliards d\u2019adultes seront en\u00a0surpoids\u00a0\u00bb[\/vc_message][\/vc_column_inner][\/vc_row_inner][vc_column_text]<\/p>\n<p style=\"text-align: justify;\">La Tunisie n\u2019est pas \u00e0 l\u2019abri de ce fl\u00e9au mena\u00e7ant la sant\u00e9 mondiale. En effet, dans notre pays deux adultes sur trois souffrent d\u2019ob\u00e9sit\u00e9 et ce chiffre est plus alarmant chez les enfants puisque plus de 45% de la population enfantine est en surpoids ou ob\u00e8se.<br \/>\nDe plus cette maladie constitue un facteur de risque majeur de plusieurs autres pathologies qu\u2019on appelle comorbidit\u00e9s surtout le diab\u00e8te qui engendre un impact financier important sur le co\u00fbt de la sant\u00e9.<\/p>\n<p style=\"text-align: justify;\">L\u2019association Tunisienne de Chirurgie M\u00e9tabolique et Bariatrique (ATCMB) est une association au c\u0153ur de la lutte contre ce fl\u00e9au \u00e9pid\u00e9miologique qui menace la sant\u00e9 des tunisiens. Depuis sa cr\u00e9ation en 2016 elle a r\u00e9alis\u00e9 des manifestations scientifiques : journ\u00e9es, congr\u00e8s, \u00e9ducation grand public.<br \/>\nSon objectif principal est de suivre l\u2019innovation m\u00e9dicale mondiale dans le domaine de la chirurgie bariatrique comme \u00e9tant le moyen actuel le plus efficace \u00e0 long terme dans :<\/p>\n<ul>\n<li>La lutte contre l\u2019ob\u00e9sit\u00e9<\/li>\n<li>L\u2019am\u00e9lioration de la prise en charge multidisciplinaire des patients souffrant d\u2019ob\u00e9sit\u00e9 et des<br \/>\npatients en situation de surpoids.<\/li>\n<\/ul>\n<p style=\"text-align: justify;\">Dans les pays d\u00e9velopp\u00e9s, la lutte contre la progression de l&#8217;ob\u00e9sit\u00e9 a pris toutes ses dimensions sur le plan politique, social et surtout m\u00e9dical, o\u00f9 des cursus de formation sont mis en place pour les professionnels de la sant\u00e9 permettant\u00a0ainsi une prise en charge adapt\u00e9e et standardis\u00e9e.<br \/>\nEn Tunisie, en dehors du programme national de lutte contre l&#8217;ob\u00e9sit\u00e9, certaines campagnes r\u00e9alis\u00e9es et de quelques heures de cours dont disposent les \u00e9tudiants sur ce sujet durant leur formation, les professionnels de la sant\u00e9 ne disposent d\u2019aucun cursus m\u00e9dical structur\u00e9 pour la<br \/>\nprise en charge m\u00e9dicale et chirurgicale de l&#8217;ob\u00e9sit\u00e9.<\/p>\n<p style=\"text-align: justify;\">Pour ces raisons et conscient de l\u2019ampleur que prend cette pathologie dans le monde entier et dans notre pays, l\u2019ATCMB se propose de lancer un programme de formation qui va comporter diff\u00e9rents Masterclass r\u00e9pondant aux besoins sp\u00e9cifiques des diff\u00e9rents sous-groupes de professionnels\u00a0de la sant\u00e9 impliqu\u00e9s dans la lutte contre la maladie.<\/p>\n<p style=\"text-align: justify;\">Le 1 er Masterclass \u00ab Prise en charge multidisciplinaire de l\u2019ob\u00e9sit\u00e9 \u00bb sera destin\u00e9 \u00e0 ceux qui sont en 1\u00e8re ligne face \u00e0 la maladie, les m\u00e9decins g\u00e9n\u00e9ralistes et diff\u00e9rentes les sp\u00e9cialit\u00e9s m\u00e9dicales. Il sera lanc\u00e9 sous forme de 3 sessions r\u00e9parties sur Tunis pour le nord, Sousse pour le centre et Djerba pour le sud. Il sera anim\u00e9 par des experts nationaux et internationaux dans l\u2019ambition d\u2019\u00eatre une formation accr\u00e9dit\u00e9e ayant pour objectif de d\u00e9velopper les connaissances et les comp\u00e9tences de la prise en charge de l\u2019ob\u00e9sit\u00e9.<\/p>\n<p><span style=\"color: #3366ff;\"><strong>Objectif g\u00e9n\u00e9ral\u00a0de la formation<\/strong><\/span><br \/>\nL&#8217;objectif de cette formation certifiante est de permettre aux professionnels de sant\u00e9 de d\u00e9velopper leurs connaissances et leurs comp\u00e9tences dans la prise en charge de l&#8217;ob\u00e9sit\u00e9 et de mettre en place un projet personnalis\u00e9 de soins.<\/p>\n<p><span style=\"color: #3366ff;\"><strong>Objectifs sp\u00e9cifiques<\/strong><\/span><\/p>\n<ol>\n<li>Conna\u00eetre l&#8217;\u00e9pid\u00e9miologie de l&#8217;ob\u00e9sit\u00e9<\/li>\n<li>Conna\u00eetre la d\u00e9finition de l&amp;#39;ob\u00e9sit\u00e9 et savoir poser le diagnostic de l&#8217;ob\u00e9sit\u00e9 chez l&#8217;adulte, sujet \u00e2g\u00e9 et enfant.<\/li>\n<li>Savoir rep\u00e9rer l&#8217;ob\u00e9sit\u00e9 syndromique et g\u00e9n\u00e9tique<\/li>\n<li>Savoir \u00e9valuer la composition corporelle clinique et paraclinique<\/li>\n<li>Conna\u00eetre le retentissement psychologique de l&#8217;ob\u00e9sit\u00e9<\/li>\n<li>Conna\u00eetre les diff\u00e9rentes complications de l&#8217;ob\u00e9sit\u00e9<\/li>\n<li>Conna\u00eetre les diff\u00e9rents traitements de l&#8217;ob\u00e9sit\u00e9<\/li>\n<li>Savoir poser le diagnostic des complications de la chirurgie de l&#8217;ob\u00e9sit\u00e9<\/li>\n<\/ol>\n<p><span style=\"color: #3366ff;\"><strong> Enseignants<\/strong><\/span><br \/>\nL&#8217;ATCMB a s\u00e9lectionn\u00e9 des experts nationaux et internationaux pour assurer des cours de haut niveau dont le contenu sera non seulement th\u00e9orique mais aussi pratique avec workshop, cas cliniques et des s\u00e9ances interactives.<\/p>\n<p><span style=\"color: #3366ff;\"><strong>Responsable Masterclass<\/strong><\/span><\/p>\n<ul>\n<li>Dr Mohamed ABID<\/li>\n<\/ul>\n<p><span style=\"color: #3366ff;\"><strong>Comit\u00e9 p\u00e9dagogique\u00a0<\/strong><\/span><\/p>\n<ul>\n<li>Dr Claude BEN SLAMA<\/li>\n<li>Dr Faouzi KANOUN<\/li>\n<li>Dr Mourad ADALA<\/li>\n<li>Dr Henda JAMMOUSSI<\/li>\n<li>Dr Ines KOCHTALI<\/li>\n<li>Dr Mohamed CHAHED<\/li>\n<li>Dr Safa CHELBI<\/li>\n<\/ul>\n<p><span style=\"color: #3366ff;\"><strong>Coordinateurs Masterclass<\/strong><\/span><\/p>\n<ul>\n<li>Dr Hayet DAHMEN<\/li>\n<li>Mme Sonia MEZHOUD<\/li>\n<\/ul>\n<p><span style=\"color: #3366ff;\"><strong>Secr\u00e9tariats Masterclass<\/strong><\/span><\/p>\n<ul>\n<li>Mme Sonia MEZHOUD<\/li>\n<\/ul>\n<p><span style=\"color: #3366ff;\"><strong>Public cible :<\/strong><\/span><\/p>\n<ul>\n<li>M\u00e9decins g\u00e9n\u00e9ralistes : 8 par session<\/li>\n<li>R\u00e9sidents seniors en endocrinologie, en m\u00e9decine interne et nutrition : 8 par session<\/li>\n<li>Chirurgiens qui se destinent \u00e0 la chirurgie bariatrique : 2 par session<\/li>\n<\/ul>\n<p><span style=\"color: #3366ff;\"><strong>Programme Masterclass<\/strong><\/span><\/p>\n<p>Le programme sera centr\u00e9 sur\u00a0:<\/p>\n<ol>\n<li>Approche \u00e9pid\u00e9miologique et physiopathologique de l\u2019ob\u00e9sit\u00e9<\/li>\n<li>Approche diagnostique et aspects cliniques de l\u2019ob\u00e9sit\u00e9<\/li>\n<li>Identification des troubles du comportement alimentaire<\/li>\n<li>Evaluation du retentissement psychologique de l\u2019ob\u00e9sit\u00e9<\/li>\n<li>Prise en charge de l\u2019ob\u00e9sit\u00e9 :<\/li>\n<\/ol>\n<ul>\n<li style=\"list-style-type: none;\">\n<ul>\n<li>Sur le plan psycho-comportemental<\/li>\n<li>Sur le plan nutritionnel<\/li>\n<li>Nouvelles pharmacop\u00e9es<\/li>\n<li>Traitement multimodal de l&#8217;ob\u00e9sit\u00e9 (chirurgical, endoscopique, chirurgie r\u00e9visionnelle, traitement combin\u00e9 m\u00e9dico-chirurgical)<\/li>\n<\/ul>\n<\/li>\n<\/ul>\n<p>[\/vc_column_text][\/vc_column][vc_column width=&#8221;1\/3&#8243;][\/vc_column][\/vc_row]<\/p>\n<\/div>","protected":false},"excerpt":{"rendered":"<p>[vc_row][vc_column width=&#8221;2\/3&#8243;][vc_row_inner][vc_column_inner][vc_column_text]D\u00e9clar\u00e9e maladie chronique par l\u2019OMS en 1997, l\u2019ob\u00e9sit\u00e9 est un probl\u00e8me majeur de sant\u00e9 publique. Une maladie fr\u00e9quente, multifactorielle et aux nombreuses comorbidit\u00e9s. \u00c0 l\u2019\u00e9chelle mondiale, en 2021, 800 millions d\u2019adultes dans le monde souffraient d\u2019ob\u00e9sit\u00e9. Quant au nombre d\u2019enfants et d\u2019adolescents touch\u00e9s par cette pathologie, a \u00e9t\u00e9 multipli\u00e9 par dix au cours des&#8230;<\/p>\n","protected":false},"author":1,"featured_media":0,"parent":0,"menu_order":0,"comment_status":"closed","ping_status":"closed","template":"page-fullcontent.php","meta":[],"_links":{"self":[{"href":"https:\/\/www.atcmb.org\/Event\/wp-json\/wp\/v2\/pages\/2643"}],"collection":[{"href":"https:\/\/www.atcmb.org\/Event\/wp-json\/wp\/v2\/pages"}],"about":[{"href":"https:\/\/www.atcmb.org\/Event\/wp-json\/wp\/v2\/types\/page"}],"author":[{"embeddable":true,"href":"https:\/\/www.atcmb.org\/Event\/wp-json\/wp\/v2\/users\/1"}],"replies":[{"embeddable":true,"href":"https:\/\/www.atcmb.org\/Event\/wp-json\/wp\/v2\/comments?post=2643"}],"version-history":[{"count":22,"href":"https:\/\/www.atcmb.org\/Event\/wp-json\/wp\/v2\/pages\/2643\/revisions"}],"predecessor-version":[{"id":3076,"href":"https:\/\/www.atcmb.org\/Event\/wp-json\/wp\/v2\/pages\/2643\/revisions\/3076"}],"wp:attachment":[{"href":"https:\/\/www.atcmb.org\/Event\/wp-json\/wp\/v2\/media?parent=2643"}],"curies":[{"name":"wp","href":"https:\/\/api.w.org\/{rel}","templated":true}]}}