{"id":1593,"date":"2015-08-29T04:44:00","date_gmt":"2015-08-29T04:44:00","guid":{"rendered":"http:\/\/demowp.cththemes.net\/gatherv2\/?page_id=1593"},"modified":"2023-08-09T17:37:32","modified_gmt":"2023-08-09T17:37:32","slug":"home-content-slider","status":"publish","type":"page","link":"https:\/\/www.atcmb.org\/Event\/","title":{"rendered":"Home &#8211; Content Slider"},"content":{"rendered":"<div class=\"wpb-content-wrapper\"><p>[vc_row cth_layout=&#8221;gather_header&#8221; el_id=&#8221;top&#8221; css=&#8221;.vc_custom_1686801053518{background-color: #4184bf !important;}&#8221; el_class=&#8221;slider-bg&#8221;][vc_column css=&#8221;.vc_custom_1440860177369{padding-top: 100px !important;padding-bottom: 40px !important;}&#8221;][cth_flexslider animation=&#8221;slide&#8221;][cth_flexslider_item]<\/p>\n<h3 class=\"headline-support wow fadeInDown\"><span style=\"font-size: 19pt;\">L\u2019ATCMB ORGANISE<\/span><\/h3>\n<h1 class=\"headline wow fadeInDown\" data-wow-delay=\"0.1s\">MASTERCLASS<\/h1>\n<h1 class=\"headline wow fadeInDown\" data-wow-delay=\"0.1s\"><span style=\"font-size: 27pt;\">PRISE EN CHARGE<br \/>\nMULTIDISCIPLINAIRE DE L\u2019OBESITE<\/span><\/h1>\n<div class=\"when_where wow fadeIn\" data-wow-delay=\"0.4s\">\n<p class=\"event_when\"><b>1\u00c8RE SESSION <\/b>Du 09 au 10 septembre 2023<\/p>\n<p class=\"event_where\">\u00e0 Tunis, Tunisie<\/p>\n<\/div>\n<p>[\/cth_flexslider_item][cth_flexslider_item][cth_countdown date=&#8221;10&#8243; month=&#8221;September&#8221; year=&#8221;2023&#8243;]<\/p>\n<div class=\"icon icon-micro-record-streamline font-80\"><\/div>\n<h6 class=\"countdown_title text-center\">L&#8217;\u00c9V\u00c9NEMENT COMMENCERA DANS<\/h6>\n<p>[\/cth_countdown]<\/p>\n<p><a class=\"btn btn-default btn-xl wow zoomIn\" href=\"http:\/\/www.atcmb.org\/Event\/inscription\/\" data-wow-delay=\"0.3s\">R\u00c9SERVER MA PLACE<\/a>[\/cth_flexslider_item][\/cth_flexslider][\/vc_column][\/vc_row][vc_row cth_layout=&#8221;gather_sec&#8221; css=&#8221;.vc_custom_1525348535814{padding-top: 30px !important;padding-bottom: 30px !important;background-color: #f1f1f1 !important;}&#8221;][vc_column][vc_column_text css=&#8221;.vc_custom_1691602490165{margin-bottom: 20px !important;}&#8221;]<\/p>\n<p style=\"text-align: center;\"><strong>Mot du pr\u00e9sident<\/strong><\/p>\n<blockquote>\n<p style=\"text-align: center;\">La multidisciplinarit\u00e9 du traitement du fl\u00e9au de l\u2019ob\u00e9sit\u00e9 impliquerait des congr\u00e8s communs, et des formations transversales. A ce dernier \u00e9gard, et apr\u00e8s le succ\u00e8s des 1\u00e8res Journ\u00e9es Scientifiques : Traitement chirurgical de l\u2019ob\u00e9sit\u00e9 de l\u2019ATCMB, un autre rendez-vous de la soci\u00e9t\u00e9 savante devient un imp\u00e9ratif.<\/p>\n<\/blockquote>\n<p>[\/vc_column_text][vc_empty_space height=&#8221;22px&#8221;][vc_btn title=&#8221;Lire la suite&#8221; color=&#8221;success&#8221; align=&#8221;center&#8221; link=&#8221;url:http%3A%2F%2Fatcmb.org%2FEvent%2Fmot-president-congres%2F|||&#8221;][\/vc_column][\/vc_row][vc_row cth_layout=&#8221;gather_sec&#8221; el_id=&#8221;speakers&#8221;][vc_column][vc_column_text]<\/p>\n<div class=\"section-title wow fadeInUp\">\n<h4>NOS\u00a0 ENSEIGNANTS<\/h4>\n<\/div>\n<p>[\/vc_column_text][cth_speakers_cpt count=&#8221;20&#8243; order_by=&#8221;title&#8221; usepopup=&#8221;yes&#8221; singlespeaker=&#8221;no&#8221; dots=&#8221;true&#8221; autoplay=&#8221;true&#8221;][\/vc_column][\/vc_row][vc_row cth_layout=&#8221;gather_sec&#8221; el_id=&#8221;schedule&#8221;][vc_column][vc_column_text]<\/p>\n<div class=\"section-title wow fadeInUp\">\n<h4>LE PROGRAMME<\/h4>\n<\/div>\n<p>[\/vc_column_text][cth_schedules][\/vc_column][\/vc_row][vc_row cth_layout=&#8221;gather_sec&#8221; el_id=&#8221;sponsors&#8221;][vc_column][\/vc_column][\/vc_row][vc_row disable_element=&#8221;yes&#8221; cth_layout=&#8221;gather_sec&#8221; css=&#8221;.vc_custom_1527076155812{padding-top: 30px !important;padding-bottom: 30px !important;background-color: #f1f1f1 !important;}&#8221;][vc_column width=&#8221;1\/2&#8243;][vc_column_text]<\/p>\n<div class=\"contact-box\">\n<p><img decoding=\"async\" loading=\"lazy\" class=\"alignnone size-full wp-image-1293 wow zoomIn\" src=\"http:\/\/atcmb.org\/Event\/wp-content\/uploads\/2015\/05\/location-icon.png\" alt=\"location-icon\" width=\"128\" height=\"128\" \/><\/p>\n<h5>ADDRESS<\/h5>\n<p class=\"no-rep\">Level 5, Meet n Party,<\/p>\n<p>Barnhusgatan 7 b,<\/p>\n<p>125 Stockholm, Sweden<\/p>\n<p>Time: 10:30 AM to 3:30 PM<\/p><\/div>\n<p>[\/vc_column_text][\/vc_column][vc_column width=&#8221;1\/2&#8243;][vc_column_text]<\/p>\n<div class=\"contact-box\">\n<p><img decoding=\"async\" loading=\"lazy\" class=\"alignnone size-full wp-image-1292 wow zoomIn\" src=\"http:\/\/atcmb.org\/Event\/wp-content\/uploads\/2015\/05\/email-icon.png\" alt=\"email-icon\" width=\"128\" height=\"128\" data-wow-delay=\"0.3s\" \/><\/p>\n<h5>CONTACT<\/h5>\n<p class=\"no-rep\"><a href=\"mailto:gather@eventwebsite.com\">gather@eventwebsite.com<\/a><\/p>\n<p><a href=\"mailto:sponsor@thisevent.com\">sponsor@thisevent.com<\/a><\/p>\n<p>+1 400 253 1800<\/p>\n<p>+33 230 58 5420<\/p><\/div>\n<p>[\/vc_column_text][\/vc_column][\/vc_row][vc_row disable_element=&#8221;yes&#8221; cth_layout=&#8221;gather_sec&#8221; el_id=&#8221;contact&#8221; css=&#8221;.vc_custom_1527077044971{background-color: #f1f1f1 !important;}&#8221;][vc_column][vc_column_text css=&#8221;.vc_custom_1526933258077{margin-bottom: 40px !important;}&#8221;]<\/p>\n<div class=\"section-title\">\n<h5>Pour toute Information sur l&#8217;\u00e9v\u00e9nement<\/h5>\n<p>Si vous avez des questions sur l\u2019\u00e9v\u00e9nement, veuillez nous contacter directement. nous vous r\u00e9pondrons le plus vite possible<\/p><\/div>\n<p>[\/vc_column_text]\n<div class=\"wpcf7 no-js\" id=\"wpcf7-f853-o1\" lang=\"en-US\" dir=\"ltr\">\n<div class=\"screen-reader-response\"><p role=\"status\" aria-live=\"polite\" aria-atomic=\"true\"><\/p> <ul><\/ul><\/div>\n<form action=\"\/Event\/wp-json\/wp\/v2\/pages\/1593#wpcf7-f853-o1\" method=\"post\" class=\"wpcf7-form init\" aria-label=\"Contact form\" novalidate=\"novalidate\" data-status=\"init\">\n<div style=\"display: none;\">\n<input type=\"hidden\" name=\"_wpcf7\" value=\"853\" \/>\n<input type=\"hidden\" name=\"_wpcf7_version\" value=\"5.8.7\" \/>\n<input type=\"hidden\" name=\"_wpcf7_locale\" value=\"en_US\" \/>\n<input type=\"hidden\" name=\"_wpcf7_unit_tag\" value=\"wpcf7-f853-o1\" \/>\n<input type=\"hidden\" name=\"_wpcf7_container_post\" value=\"0\" \/>\n<input type=\"hidden\" name=\"_wpcf7_posted_data_hash\" value=\"\" \/>\n<\/div>\n<div class=\"contact-form bottom-space-xl wow fadeInUp\">\n\t<div class=\"row\">\n\t\t<div class=\"col-md-6 col-md-offset-3\">\n\t\t\t<div class=\"row\">\n\t\t\t\t<div class=\"col-sm-6\">\n\t\t\t\t\t<div class=\"form-group\">\n\t\t\t\t\t\t<p><label>First Name<\/label><br \/>\n<span class=\"wpcf7-form-control-wrap\" data-name=\"your_first_name\"><input size=\"40\" class=\"wpcf7-form-control wpcf7-text wpcf7-validates-as-required form-control\" aria-required=\"true\" aria-invalid=\"false\" placeholder=\"First Name\" value=\"\" type=\"text\" name=\"your_first_name\" \/><\/span>\n\t\t\t\t\t\t<\/p>\n\t\t\t\t\t<\/div>\n\t\t\t\t<\/div>\n\t\t\t\t<div class=\"col-sm-6\">\n\t\t\t\t\t<div class=\"form-group\">\n\t\t\t\t\t\t<p><label>Last Name<\/label><br \/>\n<span class=\"wpcf7-form-control-wrap\" data-name=\"your_last_name\"><input size=\"40\" class=\"wpcf7-form-control wpcf7-text wpcf7-validates-as-required form-control\" aria-required=\"true\" aria-invalid=\"false\" placeholder=\"Last Name\" value=\"\" type=\"text\" name=\"your_last_name\" \/><\/span>\n\t\t\t\t\t\t<\/p>\n\t\t\t\t\t<\/div>\n\t\t\t\t<\/div>\n\t\t\t<\/div>\n\t\t\t<div class=\"form-group\">\n\t\t\t\t<p><label>Email ID<\/label><br \/>\n<span class=\"wpcf7-form-control-wrap\" data-name=\"your_email\"><input size=\"40\" class=\"wpcf7-form-control wpcf7-email wpcf7-validates-as-required wpcf7-text wpcf7-validates-as-email form-control\" aria-required=\"true\" aria-invalid=\"false\" placeholder=\"Email Address\" value=\"\" type=\"email\" name=\"your_email\" \/><\/span>\n\t\t\t\t<\/p>\n\t\t\t<\/div>\n\t\t\t<div class=\"form-group\">\n\t\t\t\t<p><label>Phone Number<\/label><br \/>\n<span class=\"wpcf7-form-control-wrap\" data-name=\"your_phone\"><input size=\"40\" class=\"wpcf7-form-control wpcf7-text wpcf7-validates-as-required form-control\" aria-required=\"true\" aria-invalid=\"false\" placeholder=\"Phone Number\" value=\"\" type=\"text\" name=\"your_phone\" \/><\/span>\n\t\t\t\t<\/p>\n\t\t\t<\/div>\n\t\t\t<div class=\"form-group\">\n\t\t\t\t<p><label>Your Message<\/label><br \/>\n<span class=\"wpcf7-form-control-wrap\" data-name=\"your-message\"><textarea cols=\"40\" rows=\"10\" class=\"wpcf7-form-control wpcf7-textarea wpcf7-validates-as-required form-control\" aria-required=\"true\" aria-invalid=\"false\" placeholder=\"Enter your message here\" name=\"your-message\"><\/textarea><\/span>\n\t\t\t\t<\/p>\n\t\t\t<\/div>\n\t\t\t<div class=\"text-center top-space\">\n\t\t\t\t<p><input class=\"wpcf7-form-control wpcf7-submit has-spinner btn btn-success btn-block btn-lg\" type=\"submit\" value=\"Send Message\" \/>\n\t\t\t\t<\/p>\n\t\t\t<\/div>\n\t\t<\/div>\n\t<\/div>\n<\/div><div class=\"wpcf7-response-output\" aria-hidden=\"true\"><\/div>\n<\/form>\n<\/div>\n[\/vc_column][\/vc_row][vc_row disable_element=&#8221;yes&#8221; cth_layout=&#8221;gather_sec&#8221; css=&#8221;.vc_custom_1527077507912{padding-top: 30px !important;padding-bottom: 30px !important;}&#8221;][vc_column][cth_mailchimp]<\/p>\n<h6 class=\"susbcribe-head wow fadeInLeft\">SUBSCRIBE <small>TO OUR NEWSLETTER<\/small><\/h6>\n<p>[\/cth_mailchimp][\/vc_column][\/vc_row]<\/p>\n<\/div>","protected":false},"excerpt":{"rendered":"<p>[vc_row cth_layout=&#8221;gather_header&#8221; el_id=&#8221;top&#8221; css=&#8221;.vc_custom_1686801053518{background-color: #4184bf !important;}&#8221; el_class=&#8221;slider-bg&#8221;][vc_column css=&#8221;.vc_custom_1440860177369{padding-top: 100px !important;padding-bottom: 40px !important;}&#8221;][cth_flexslider animation=&#8221;slide&#8221;][cth_flexslider_item] L\u2019ATCMB ORGANISE MASTERCLASS PRISE EN CHARGE MULTIDISCIPLINAIRE DE L\u2019OBESITE 1\u00c8RE SESSION Du 09 au 10 septembre 2023 \u00e0 Tunis, Tunisie [\/cth_flexslider_item][cth_flexslider_item][cth_countdown date=&#8221;10&#8243; month=&#8221;September&#8221; year=&#8221;2023&#8243;] L&#8217;\u00c9V\u00c9NEMENT COMMENCERA DANS [\/cth_countdown] R\u00c9SERVER MA PLACE[\/cth_flexslider_item][\/cth_flexslider][\/vc_column][\/vc_row][vc_row cth_layout=&#8221;gather_sec&#8221; css=&#8221;.vc_custom_1525348535814{padding-top: 30px !important;padding-bottom: 30px !important;background-color: #f1f1f1 !important;}&#8221;][vc_column][vc_column_text css=&#8221;.vc_custom_1691602490165{margin-bottom: 20px !important;}&#8221;]&#8230;<\/p>\n","protected":false},"author":1,"featured_media":0,"parent":0,"menu_order":0,"comment_status":"closed","ping_status":"closed","template":"homepage-onepage.php","meta":[],"_links":{"self":[{"href":"https:\/\/www.atcmb.org\/Event\/wp-json\/wp\/v2\/pages\/1593"}],"collection":[{"href":"https:\/\/www.atcmb.org\/Event\/wp-json\/wp\/v2\/pages"}],"about":[{"href":"https:\/\/www.atcmb.org\/Event\/wp-json\/wp\/v2\/types\/page"}],"author":[{"embeddable":true,"href":"https:\/\/www.atcmb.org\/Event\/wp-json\/wp\/v2\/users\/1"}],"replies":[{"embeddable":true,"href":"https:\/\/www.atcmb.org\/Event\/wp-json\/wp\/v2\/comments?post=1593"}],"version-history":[{"count":80,"href":"https:\/\/www.atcmb.org\/Event\/wp-json\/wp\/v2\/pages\/1593\/revisions"}],"predecessor-version":[{"id":3079,"href":"https:\/\/www.atcmb.org\/Event\/wp-json\/wp\/v2\/pages\/1593\/revisions\/3079"}],"wp:attachment":[{"href":"https:\/\/www.atcmb.org\/Event\/wp-json\/wp\/v2\/media?parent=1593"}],"curies":[{"name":"wp","href":"https:\/\/api.w.org\/{rel}","templated":true}]}}